{"id":794,"date":"2022-05-03T17:48:17","date_gmt":"2022-05-03T17:48:17","guid":{"rendered":"https:\/\/locafmlamancha.fm\/?page_id=794"},"modified":"2022-05-31T07:11:26","modified_gmt":"2022-05-31T07:11:26","slug":"publicidad","status":"publish","type":"page","link":"https:\/\/locafmlamancha.fm\/?page_id=794","title":{"rendered":"Publicidad"},"content":{"rendered":"\t\t<div data-elementor-type=\"wp-page\" data-elementor-id=\"794\" class=\"elementor elementor-794\">\n\t\t\t\t\t\t<section class=\"elementor-section elementor-top-section elementor-element elementor-element-20821bb elementor-hidden-desktop elementor-section-boxed elementor-section-height-default elementor-section-height-default\" data-id=\"20821bb\" data-element_type=\"section\" data-e-type=\"section\">\n\t\t\t\t\t\t<div class=\"elementor-container elementor-column-gap-default\">\n\t\t\t\t\t<div class=\"elementor-column elementor-col-100 elementor-top-column elementor-element elementor-element-9804a6a\" data-id=\"9804a6a\" data-element_type=\"column\" data-e-type=\"column\">\n\t\t\t<div class=\"elementor-widget-wrap elementor-element-populated\">\n\t\t\t\t\t\t<div class=\"elementor-element elementor-element-59173cc elementor-widget elementor-widget-html\" data-id=\"59173cc\" data-element_type=\"widget\" data-e-type=\"widget\" data-widget_type=\"html.default\">\n\t\t\t\t<div class=\"elementor-widget-container\">\n\t\t\t\t\t<!-- RCAST.NET [3] - START EMBEDDED PLAYER -->\n  <center><a style=\"cursor: pointer\"\nonclick=\"window.open('https:\/\/players.rcast.net\/popup2\/68353','https:\/\/players.rcast.net\/popup2\/68353','scrollbars=no,menubar=no,width=784,height=508,resizable=no,toolbar=no,location=no,status=no')\"><img\nsrc=\"https:\/\/locafmlamancha.fm\/wp-content\/uploads\/2022\/04\/listenlive2.png\"\nborder=\"0\"><\/a><\/center>\n  <div style=\"overflow:hidden; height:0px; width:0px;\"><a href=\"https:\/\/www.rcast.net\" title=\"Internet Radio Hosting\">RCAST.NET [3]<\/a><\/div>\n  <!-- RCAST.NET [3] - END EMBEDDED PLAYER -->\t\t\t\t<\/div>\n\t\t\t\t<\/div>\n\t\t\t\t\t<\/div>\n\t\t<\/div>\n\t\t\t\t\t<\/div>\n\t\t<\/section>\n\t\t\t\t<section class=\"elementor-section elementor-top-section elementor-element elementor-element-567634e elementor-section-full_width elementor-section-stretched elementor-section-height-default elementor-section-height-default\" data-id=\"567634e\" data-element_type=\"section\" data-e-type=\"section\" data-settings=\"{&quot;stretch_section&quot;:&quot;section-stretched&quot;,&quot;background_background&quot;:&quot;classic&quot;}\">\n\t\t\t\t\t\t<div class=\"elementor-container elementor-column-gap-default\">\n\t\t\t\t\t<div class=\"elementor-column elementor-col-100 elementor-top-column elementor-element elementor-element-922553a\" data-id=\"922553a\" data-element_type=\"column\" data-e-type=\"column\">\n\t\t\t<div class=\"elementor-widget-wrap elementor-element-populated\">\n\t\t\t\t\t\t<div class=\"elementor-element elementor-element-ee693d0 elementor-widget elementor-widget-text-editor\" data-id=\"ee693d0\" data-element_type=\"widget\" data-e-type=\"widget\" data-widget_type=\"text-editor.default\">\n\t\t\t\t<div class=\"elementor-widget-container\">\n\t\t\t\t\t\t\t\t\t<p>PUBLICIDAD<\/p>\t\t\t\t\t\t\t\t<\/div>\n\t\t\t\t<\/div>\n\t\t\t\t\t<\/div>\n\t\t<\/div>\n\t\t\t\t\t<\/div>\n\t\t<\/section>\n\t\t\t\t<section class=\"elementor-section elementor-top-section elementor-element elementor-element-5ae1075 elementor-section-boxed elementor-section-height-default elementor-section-height-default elementor-invisible\" data-id=\"5ae1075\" data-element_type=\"section\" data-e-type=\"section\" data-settings=\"{&quot;animation&quot;:&quot;zoomIn&quot;}\">\n\t\t\t\t\t\t<div class=\"elementor-container elementor-column-gap-default\">\n\t\t\t\t\t<div class=\"elementor-column elementor-col-100 elementor-top-column elementor-element elementor-element-1b8ab14\" data-id=\"1b8ab14\" data-element_type=\"column\" data-e-type=\"column\">\n\t\t\t<div class=\"elementor-widget-wrap elementor-element-populated\">\n\t\t\t\t\t\t<div class=\"elementor-element elementor-element-da667ae elementor-widget elementor-widget-image\" data-id=\"da667ae\" data-element_type=\"widget\" data-e-type=\"widget\" data-widget_type=\"image.default\">\n\t\t\t\t<div class=\"elementor-widget-container\">\n\t\t\t\t\t\t\t\t\t\t\t\t\t\t\t<img fetchpriority=\"high\" decoding=\"async\" width=\"555\" height=\"630\" src=\"https:\/\/locafmlamancha.fm\/wp-content\/uploads\/2022\/04\/PROMO-LOCA.jpg\" class=\"attachment-large size-large wp-image-200\" alt=\"\" srcset=\"https:\/\/locafmlamancha.fm\/wp-content\/uploads\/2022\/04\/PROMO-LOCA.jpg 555w, https:\/\/locafmlamancha.fm\/wp-content\/uploads\/2022\/04\/PROMO-LOCA-264x300.jpg 264w\" sizes=\"(max-width: 555px) 100vw, 555px\" \/>\t\t\t\t\t\t\t\t\t\t\t\t\t\t\t<\/div>\n\t\t\t\t<\/div>\n\t\t\t\t<div class=\"elementor-element elementor-element-918333a elementor-widget elementor-widget-text-editor\" data-id=\"918333a\" data-element_type=\"widget\" data-e-type=\"widget\" data-widget_type=\"text-editor.default\">\n\t\t\t\t<div class=\"elementor-widget-container\">\n\t\t\t\t\t\t\t\t\t<p style=\"text-align: center;\">An\u00fanciate en Loca FM La Mancha, da a conocer tu negocio en la emisora m\u00e1s escuchada entre 21 y 55 a\u00f1os.<\/p>\t\t\t\t\t\t\t\t<\/div>\n\t\t\t\t<\/div>\n\t\t\t\t\t<\/div>\n\t\t<\/div>\n\t\t\t\t\t<\/div>\n\t\t<\/section>\n\t\t\t\t<section class=\"elementor-section elementor-top-section elementor-element elementor-element-76bee39 elementor-section-boxed elementor-section-height-default elementor-section-height-default\" data-id=\"76bee39\" data-element_type=\"section\" data-e-type=\"section\">\n\t\t\t\t\t\t<div class=\"elementor-container elementor-column-gap-default\">\n\t\t\t\t\t<div class=\"elementor-column elementor-col-50 elementor-top-column elementor-element elementor-element-c146e5d\" data-id=\"c146e5d\" data-element_type=\"column\" data-e-type=\"column\">\n\t\t\t<div class=\"elementor-widget-wrap elementor-element-populated\">\n\t\t\t\t\t\t<div class=\"elementor-element elementor-element-f609448 elementor-widget elementor-widget-text-editor\" data-id=\"f609448\" data-element_type=\"widget\" data-e-type=\"widget\" data-widget_type=\"text-editor.default\">\n\t\t\t\t<div class=\"elementor-widget-container\">\n\t\t\t\t\t\t\t\t\t<p><a href=\"https:\/\/locafmlamancha.fm\/?page_id=176\">NOTICIAS<\/a><\/p>\t\t\t\t\t\t\t\t<\/div>\n\t\t\t\t<\/div>\n\t\t\t\t<div class=\"elementor-element elementor-element-2caf3e3 elementor-widget elementor-widget-shortcode\" data-id=\"2caf3e3\" data-element_type=\"widget\" data-e-type=\"widget\" data-widget_type=\"shortcode.default\">\n\t\t\t\t<div class=\"elementor-widget-container\">\n\t\t\t\t\t\t\t<div class=\"elementor-shortcode\"><div class=\"pt-cv-wrapper\"><div class=\"pt-cv-view pt-cv-scrollable pt-cv-colsys\" id=\"pt-cv-view-7b7157892r\"><div data-id=\"pt-cv-page-1\" class=\"pt-cv-page\" data-cvc=\"1\"><div id=\"9b3e002mo1\" class=\"pt-cv-carousel pt-cv-slide\" data-ride=\"cvcarousel\" data-interval=false>\n<div class=\"carousel-inner\"><div class=\"item active\"><div class=\"row\"><div class=\"col-md-12 pt-cv-content-item pt-cv-1-col\" ><a href=\"https:\/\/locafmlamancha.fm\/?p=101\" class=\"_self pt-cv-href-thumbnail pt-cv-thumb-default\" target=\"_self\" ><img decoding=\"async\" width=\"750\" height=\"750\" src=\"https:\/\/locafmlamancha.fm\/wp-content\/uploads\/2022\/04\/REVISTA-ROLLING.jpeg\" class=\"pt-cv-thumbnail\" alt=\"\" srcset=\"https:\/\/locafmlamancha.fm\/wp-content\/uploads\/2022\/04\/REVISTA-ROLLING.jpeg 750w, https:\/\/locafmlamancha.fm\/wp-content\/uploads\/2022\/04\/REVISTA-ROLLING-300x300.jpeg 300w, https:\/\/locafmlamancha.fm\/wp-content\/uploads\/2022\/04\/REVISTA-ROLLING-150x150.jpeg 150w, https:\/\/locafmlamancha.fm\/wp-content\/uploads\/2022\/04\/REVISTA-ROLLING-730x730.jpeg 730w, https:\/\/locafmlamancha.fm\/wp-content\/uploads\/2022\/04\/REVISTA-ROLLING-365x365.jpeg 365w\" sizes=\"(max-width: 750px) 100vw, 750px\" \/><\/a>\n<div class=\"pt-cv-carousel-caption pt-cv-cap-w-img\"><h4 class=\"pt-cv-title\"><a href=\"https:\/\/locafmlamancha.fm\/?p=101\" class=\"_self\" target=\"_self\" >Las 500 mejores canciones de todos los tiempos<\/a><\/h4>\n<div class=\"pt-cv-content\">En 2004, la influyente revista Rolling Stone lanz\u00f3 su lista de 'Las 500 mejores canciones de todos los tiempos'. Sin ...<br \/><div class=\"pt-cv-rmwrap\"><a href=\"https:\/\/locafmlamancha.fm\/?p=101\" class=\"_self pt-cv-readmore btn btn-success\" target=\"_self\">Leer M\u00e1s<\/a><\/div><\/div><\/div><\/div><\/div><\/div><\/div>\n<\/div><\/div><\/div><\/div><\/div>\n\t\t\t\t\t\t<\/div>\n\t\t\t\t<\/div>\n\t\t\t\t\t<\/div>\n\t\t<\/div>\n\t\t\t\t<div class=\"elementor-column elementor-col-50 elementor-top-column elementor-element elementor-element-b628d6d\" data-id=\"b628d6d\" data-element_type=\"column\" data-e-type=\"column\">\n\t\t\t<div class=\"elementor-widget-wrap elementor-element-populated\">\n\t\t\t\t\t\t<div class=\"elementor-element elementor-element-c1459ab elementor-widget elementor-widget-text-editor\" data-id=\"c1459ab\" data-element_type=\"widget\" data-e-type=\"widget\" data-widget_type=\"text-editor.default\">\n\t\t\t\t<div class=\"elementor-widget-container\">\n\t\t\t\t\t\t\t\t\t<p><a href=\"https:\/\/locafmlamancha.fm\/?page_id=973\">V\u00cdDEOS<\/a><\/p>\t\t\t\t\t\t\t\t<\/div>\n\t\t\t\t<\/div>\n\t\t\t\t<div class=\"elementor-element elementor-element-497508e elementor-widget elementor-widget-video\" data-id=\"497508e\" data-element_type=\"widget\" data-e-type=\"widget\" data-settings=\"{&quot;youtube_url&quot;:&quot;https:\\\/\\\/youtu.be\\\/yao4SRRDCoM&quot;,&quot;video_type&quot;:&quot;youtube&quot;,&quot;controls&quot;:&quot;yes&quot;}\" data-widget_type=\"video.default\">\n\t\t\t\t<div class=\"elementor-widget-container\">\n\t\t\t\t\t\t\t<div class=\"elementor-wrapper elementor-open-inline\">\n\t\t\t<div class=\"elementor-video\"><\/div>\t\t<\/div>\n\t\t\t\t\t\t<\/div>\n\t\t\t\t<\/div>\n\t\t\t\t\t<\/div>\n\t\t<\/div>\n\t\t\t\t\t<\/div>\n\t\t<\/section>\n\t\t\t\t<\/div>\n\t\t","protected":false},"excerpt":{"rendered":"<p>RCAST.NET [3] PUBLICIDAD An\u00fanciate en Loca FM La Mancha, da a conocer tu negocio en la emisora m\u00e1s escuchada entre 21 y 55 a\u00f1os. NOTICIAS V\u00cdDEOS https:\/\/youtu.be\/yao4SRRDCoM<\/p>\n","protected":false},"author":1,"featured_media":0,"parent":0,"menu_order":0,"comment_status":"closed","ping_status":"closed","template":"","meta":{"kt_blocks_editor_width":"","footnotes":""},"class_list":["post-794","page","type-page","status-publish","hentry"],"_links":{"self":[{"href":"https:\/\/locafmlamancha.fm\/index.php?rest_route=\/wp\/v2\/pages\/794","targetHints":{"allow":["GET"]}}],"collection":[{"href":"https:\/\/locafmlamancha.fm\/index.php?rest_route=\/wp\/v2\/pages"}],"about":[{"href":"https:\/\/locafmlamancha.fm\/index.php?rest_route=\/wp\/v2\/types\/page"}],"author":[{"embeddable":true,"href":"https:\/\/locafmlamancha.fm\/index.php?rest_route=\/wp\/v2\/users\/1"}],"replies":[{"embeddable":true,"href":"https:\/\/locafmlamancha.fm\/index.php?rest_route=%2Fwp%2Fv2%2Fcomments&post=794"}],"version-history":[{"count":28,"href":"https:\/\/locafmlamancha.fm\/index.php?rest_route=\/wp\/v2\/pages\/794\/revisions"}],"predecessor-version":[{"id":1106,"href":"https:\/\/locafmlamancha.fm\/index.php?rest_route=\/wp\/v2\/pages\/794\/revisions\/1106"}],"wp:attachment":[{"href":"https:\/\/locafmlamancha.fm\/index.php?rest_route=%2Fwp%2Fv2%2Fmedia&parent=794"}],"curies":[{"name":"wp","href":"https:\/\/api.w.org\/{rel}","templated":true}]}}