{"id":886,"date":"2022-05-12T16:43:48","date_gmt":"2022-05-12T16:43:48","guid":{"rendered":"https:\/\/locafmlamancha.fm\/?page_id=886"},"modified":"2022-05-12T16:43:49","modified_gmt":"2022-05-12T16:43:49","slug":"politica-de-cookies","status":"publish","type":"page","link":"https:\/\/locafmlamancha.fm\/?page_id=886","title":{"rendered":"Pol\u00edtica de Cookies"},"content":{"rendered":"\n<p>Informaci\u00f3n de cookies:<\/p>\n\n\n\n<p><\/p>\n\n\n\n<p>Las cookies son archivos que se pueden descargar en su equipo a trav\u00e9s de las p\u00e1ginas web. Son herramientas que tienen un papel esencial para la prestaci\u00f3n de numerosos servicios de la sociedad de la informaci\u00f3n. Entre otros, permiten a una p\u00e1gina web almacenar y recuperar informaci\u00f3n sobre los h\u00e1bitos de navegaci\u00f3n de un usuario o de su equipo y, dependiendo de la informaci\u00f3n obtenida, se pueden utilizar para reconocer al usuario y mejorar el servicio ofrecido.<\/p>\n\n\n\n<p>\u200b<\/p>\n\n\n\n<p>Tipos de cookies:<\/p>\n\n\n\n<p><\/p>\n\n\n\n<p>Seg\u00fan quien sea la entidad que gestione el dominio desde donde se env\u00edan las cookies y trate los datos que se obtengan se pueden distinguir dos tipos: cookies propias y cookies de terceros.&nbsp;<\/p>\n\n\n\n<p><\/p>\n\n\n\n<p>Existe tambi\u00e9n una segunda clasificaci\u00f3n seg\u00fan el plazo de tiempo que permanecen almacenadas en el navegador del cliente, pudiendo tratarse de cookies de sesi\u00f3n o cookies persistentes.&nbsp;<\/p>\n\n\n\n<p><\/p>\n\n\n\n<p>Por \u00faltimo, existe otra clasificaci\u00f3n con cinco tipos de cookies seg\u00fan la finalidad para la que se traten los datos obtenidos: cookies t\u00e9cnicas, cookies de personalizaci\u00f3n, cookies de an\u00e1lisis, cookies publicitarias y cookies de publicidad comportamental.<\/p>\n\n\n\n<p>Cookies utilizadas en la web:<\/p>\n\n\n\n<p><\/p>\n\n\n\n<p>A continuaci\u00f3n se identifican las cookies que est\u00e1n siendo utilizadas en este portal as\u00ed como su tipolog\u00eda y funci\u00f3n:&nbsp; Una cookie propia de tipo t\u00e9cnico denominada PHPSESSID necesaria para la correcta navegaci\u00f3n por las p\u00e1ginas web.&nbsp; Cookies de Google Analytics, un servicio de anal\u00edtica web desarrollada por Google, que permite la medici\u00f3n y an\u00e1lisis de la navegaci\u00f3n en las p\u00e1ginas web. En su navegador podr\u00e1 observar 4 cookies de este servicio. Seg\u00fan la tipolog\u00eda anterior se trata de cookies propias, de sesi\u00f3n y de an\u00e1lisis. Puede encontrar m\u00e1s informaci\u00f3n al respecto e inhabilitar el uso de estas cookies en:&nbsp; <a href=\"http:\/\/www.google.es\/intl\/es_ALL\/analytics\/learn\/privacy.html\" target=\"_blank\" rel=\"noreferrer noopener\">http:\/\/www.google.es\/intl\/es_ALL\/analytics\/learn\/privacy.html<\/a>&nbsp; A trav\u00e9s de la anal\u00edtica web no se obtiene informaci\u00f3n sobre sus datos personales garantizando la tutela de la privacidad de las personas que navegan por la web. La informaci\u00f3n que se obtiene es la relativa al n\u00famero de usuarios que acceden a la web, el n\u00famero de p\u00e1ginas vistas, la frecuencia y repetici\u00f3n de las visitas, su duraci\u00f3n, el navegador utilizado, el operador que presta el servicio, el idioma, el terminal que utiliza, o la ciudad a la que est\u00e1 asignada su direcci\u00f3n IP. Informaci\u00f3n que posibilita un mejor y m\u00e1s apropiado servicio por parte de este portal.<\/p>\n\n\n\n<p><\/p>\n\n\n\n<p>C\u00f3mo modificar la configuraci\u00f3n de las cookies:<\/p>\n\n\n\n<p><\/p>\n\n\n\n<p>Usted puede restringir, bloquear o borrar las cookies de este sitio o cualquier otra p\u00e1gina web, utilizando su navegador. En cada navegador la operativa diferente, la funci\u00f3n de Ayuda le mostrar\u00e1 c\u00f3mo hacerlo.<\/p>\n\n\n\n<p><\/p>\n\n\n\n<ul class=\"wp-block-list\"><li>Internet Explorer: <a href=\"http:\/\/windows.microsoft.com\/es-xl\/internet-explorer\/delete-manage-cookies#ie=ie-10\" target=\"_blank\" rel=\"noreferrer noopener\">http:\/\/windows.microsoft.com\/es-xl\/internet-explorer\/delete-manage-cookies#ie=\u00bbie-10\u2033<\/a><\/li><li>FireFox: <a href=\"https:\/\/support.mozilla.org\/es\/kb\/Borrar%20cookies\" target=\"_blank\" rel=\"noreferrer noopener\">https:\/\/support.mozilla.org\/es\/kb\/Borrar%20cookies<\/a><\/li><li>Chrome: <a href=\"https:\/\/support.google.com\/chrome\/answer\/95647?hl=es\" target=\"_blank\" rel=\"noreferrer noopener\">https:\/\/support.google.com\/chrome\/answer\/95647?hl=\u00bbes\u00bb<\/a><\/li><\/ul>\n\n\n\n<ul class=\"wp-block-list\" id=\"menu-menu2\"><li><a href=\"https:\/\/www.elyosoy.es\/fisioterapia-2-2-2\/\">Pol\u00edtica de Privacidad<\/a><\/li><li><a href=\"https:\/\/www.elyosoy.es\/fisioterapia-2-2\/\">Aviso Legal<\/a><\/li><li><a href=\"https:\/\/www.elyosoy.es\/fisioterapia-2\/\">Pol\u00edtica de cookies<\/a><\/li><li><a href=\"https:\/\/www.elyosoy.es\/fisioterapia-2-2-3\/\">T\u00e9rminos y Condiciones de Uso<\/a><\/li><\/ul>\n\n\n\n<p><a target=\"_blank\" rel=\"noreferrer noopener\" href=\"https:\/\/www.facebook.com\/profile.php?id=100072534189102\"><\/a><a target=\"_blank\" rel=\"noreferrer noopener\" href=\"https:\/\/www.elyosoy.es\/fisioterapia-2\/#\"><\/a><a target=\"_blank\" rel=\"noreferrer noopener\" href=\"https:\/\/www.instagram.com\/elyosoy5d\/\"><\/a><a target=\"_blank\" rel=\"noreferrer noopener\" href=\"https:\/\/www.elyosoy.es\/fisioterapia-2\/#\"><\/a><a target=\"_blank\" rel=\"noreferrer noopener\" href=\"https:\/\/www.youtube.com\/channel\/UCWQsvcpgdUCxvil8TVTrHwg\"><\/a><a target=\"_blank\" rel=\"noreferrer noopener\" href=\"https:\/\/www.elyosoy.es\/fisioterapia-2\/#\"> <\/a><a target=\"_blank\" rel=\"noreferrer noopener\" href=\"https:\/\/www.elyosoy.es\/fisioterapia-2\/#\"><\/a><\/p>\n","protected":false},"excerpt":{"rendered":"<p>Informaci\u00f3n de cookies: Las cookies son archivos que se pueden descargar en su equipo a trav\u00e9s de las p\u00e1ginas web. Son herramientas que tienen un papel esencial para la prestaci\u00f3n de numerosos servicios de la sociedad de la informaci\u00f3n. Entre &hellip; <a href=\"https:\/\/locafmlamancha.fm\/?page_id=886\">Continuar<\/a><\/p>\n","protected":false},"author":1,"featured_media":0,"parent":0,"menu_order":0,"comment_status":"closed","ping_status":"closed","template":"","meta":{"kt_blocks_editor_width":"","footnotes":""},"class_list":["post-886","page","type-page","status-publish","hentry"],"_links":{"self":[{"href":"https:\/\/locafmlamancha.fm\/index.php?rest_route=\/wp\/v2\/pages\/886","targetHints":{"allow":["GET"]}}],"collection":[{"href":"https:\/\/locafmlamancha.fm\/index.php?rest_route=\/wp\/v2\/pages"}],"about":[{"href":"https:\/\/locafmlamancha.fm\/index.php?rest_route=\/wp\/v2\/types\/page"}],"author":[{"embeddable":true,"href":"https:\/\/locafmlamancha.fm\/index.php?rest_route=\/wp\/v2\/users\/1"}],"replies":[{"embeddable":true,"href":"https:\/\/locafmlamancha.fm\/index.php?rest_route=%2Fwp%2Fv2%2Fcomments&post=886"}],"version-history":[{"count":1,"href":"https:\/\/locafmlamancha.fm\/index.php?rest_route=\/wp\/v2\/pages\/886\/revisions"}],"predecessor-version":[{"id":887,"href":"https:\/\/locafmlamancha.fm\/index.php?rest_route=\/wp\/v2\/pages\/886\/revisions\/887"}],"wp:attachment":[{"href":"https:\/\/locafmlamancha.fm\/index.php?rest_route=%2Fwp%2Fv2%2Fmedia&parent=886"}],"curies":[{"name":"wp","href":"https:\/\/api.w.org\/{rel}","templated":true}]}}